{"id":86,"date":"2022-10-20T20:08:36","date_gmt":"2022-10-20T20:08:36","guid":{"rendered":"https:\/\/sv-heuberg.de\/?page_id=86"},"modified":"2024-06-27T17:08:02","modified_gmt":"2024-06-27T17:08:02","slug":"bereiche","status":"publish","type":"page","link":"https:\/\/sv-heuberg.de\/?page_id=86","title":{"rendered":"Bereiche"},"content":{"rendered":"<div data-colibri-id=\"86-c1\" class=\"style-196 style-local-86-c1 position-relative\">\n  <!---->\n  <div data-colibri-component=\"section\" data-colibri-id=\"86-c2\" id=\"custom\" class=\"h-section h-section-global-spacing d-flex align-items-lg-center align-items-md-center align-items-center style-197 style-local-86-c2 position-relative\">\n    <!---->\n    <!---->\n    <div class=\"h-section-grid-container h-section-boxed-container\">\n      <!---->\n      <div data-colibri-id=\"86-c3\" class=\"h-row-container gutters-row-lg-2 gutters-row-md-2 gutters-row-0 gutters-row-v-lg-2 gutters-row-v-md-2 gutters-row-v-2 style-202 style-local-86-c3 position-relative\">\n        <!---->\n        <div class=\"h-row justify-content-lg-center justify-content-md-center justify-content-center align-items-lg-stretch align-items-md-stretch align-items-stretch gutters-col-lg-2 gutters-col-md-2 gutters-col-0 gutters-col-v-lg-2 gutters-col-v-md-2 gutters-col-v-2\">\n          <!---->\n          <div class=\"h-column h-column-container d-flex h-col-lg-auto h-col-md-auto h-col-auto style-203-outer style-local-86-c4-outer\">\n            <div data-colibri-id=\"86-c4\" class=\"d-flex h-flex-basis h-column__inner h-px-lg-2 h-px-md-2 h-px-2 v-inner-lg-2 v-inner-md-2 v-inner-2 style-203 style-local-86-c4 position-relative\">\n              <!---->\n              <!---->\n              <div class=\"w-100 h-y-container h-column__content h-column__v-align flex-basis-100 align-self-lg-start align-self-md-start align-self-start\">\n                <!---->\n                <div data-colibri-id=\"86-c5\" class=\"h-text h-text-component style-204 style-local-86-c5 position-relative h-element\">\n                  <!---->\n                  <!---->\n                  <div class=\"\">\n                    <p>Die Bereiche des Vereins im \u00dcberblick:<\/p>\n                  <\/div>\n                <\/div>\n              <\/div>\n            <\/div>\n          <\/div>\n        <\/div>\n      <\/div>\n      <div data-colibri-id=\"86-c6\" class=\"h-row-container gutters-row-lg-2 gutters-row-md-2 gutters-row-0 gutters-row-v-lg-2 gutters-row-v-md-2 gutters-row-v-2 style-198 style-local-86-c6 position-relative\">\n        <!---->\n        <div class=\"h-row justify-content-lg-center justify-content-md-center justify-content-center align-items-lg-stretch align-items-md-stretch align-items-stretch gutters-col-lg-2 gutters-col-md-2 gutters-col-0 gutters-col-v-lg-2 gutters-col-v-md-2 gutters-col-v-2\">\n          <!---->\n          <div class=\"h-column h-column-container d-flex h-col-lg-auto h-col-md-auto h-col-auto style-199-outer style-local-86-c7-outer\">\n            <div data-colibri-id=\"86-c7\" class=\"d-flex h-flex-basis h-column__inner h-px-lg-2 h-px-md-2 h-px-2 v-inner-lg-2 v-inner-md-2 v-inner-2 style-199 style-local-86-c7 position-relative\">\n              <!---->\n              <!---->\n              <div class=\"w-100 h-y-container h-column__content h-column__v-align flex-basis-100 align-self-lg-start align-self-md-start align-self-start\">\n                <!---->\n                <div data-colibri-id=\"86-c8\" class=\"h-global-transition-all h-heading style-303 style-local-86-c8 position-relative h-element\">\n                  <!---->\n                  <div class=\"h-heading__outer style-303 style-local-86-c8\">\n                    <!---->\n                    <!---->\n                    <h1 class=\"\">FUSSBALL<\/h1>\n                  <\/div>\n                <\/div>\n              <\/div>\n            <\/div>\n          <\/div>\n          <div class=\"h-column h-column-container d-flex h-col-lg-auto h-col-md-auto h-col-auto style-200-outer style-local-86-c9-outer\">\n            <div data-colibri-id=\"86-c9\" class=\"d-flex h-flex-basis h-column__inner h-px-lg-2 h-px-md-2 h-px-2 v-inner-lg-2 v-inner-md-2 v-inner-2 style-200 style-local-86-c9 position-relative\">\n              <!---->\n              <!---->\n              <div class=\"w-100 h-y-container h-column__content h-column__v-align flex-basis-100 align-self-lg-start align-self-md-start align-self-start\">\n                <!---->\n                <div data-colibri-id=\"86-c10\" class=\"h-text h-text-component style-206 style-local-86-c10 position-relative h-element\">\n                  <!---->\n                  <!---->\n                  <div class=\"\">\n                    <p>Im Bereich Fussball sind wir in Heuberg sehr gut aufgestellt. Aktuell gibt es bei uns eine Herrenmannschaft sowie eine Damenmannschaft, die beide am Ligabetrieb teilnehmen. W\u00e4hrend unsere Herren in der B-Klasse spielen, sind unsere\n                      Damen in der Kreisklasse zuhause.&nbsp;<\/p>\n                    <p>Die Trainingszeiten:<\/p>\n                    <p>Herren:\n                      <br>dienstags + freitags 19.00 &#8211; 20.30 Uhr<\/p>\n                    <p>Damen:\n                      <br>montags + mittwochs 19.00 &#8211; 20.30 Uhr<\/p>\n                    <p>\n                      <br>\n                    <\/p>\n                    <p>Bei Interesse kommt gerne einfach ganz unverbindlich zu den jeweiligen Trainingszeiten vorbei.&nbsp;<\/p>\n                  <\/div>\n                <\/div>\n              <\/div>\n            <\/div>\n          <\/div>\n        <\/div>\n      <\/div>\n      <div data-colibri-id=\"86-c11\" class=\"h-row-container gutters-row-lg-2 gutters-row-md-2 gutters-row-0 gutters-row-v-lg-2 gutters-row-v-md-2 gutters-row-v-2 style-304 style-local-86-c11 position-relative\">\n        <!---->\n        <div class=\"h-row justify-content-lg-center justify-content-md-center justify-content-center align-items-lg-stretch align-items-md-stretch align-items-stretch gutters-col-lg-2 gutters-col-md-2 gutters-col-0 gutters-col-v-lg-2 gutters-col-v-md-2 gutters-col-v-2\">\n          <!---->\n          <div class=\"h-column h-column-container d-flex h-col-lg-auto h-col-md-auto h-col-auto style-305-outer style-local-86-c12-outer\">\n            <div data-colibri-id=\"86-c12\" class=\"d-flex h-flex-basis h-column__inner h-px-lg-2 h-px-md-2 h-px-2 v-inner-lg-2 v-inner-md-2 v-inner-2 style-305 style-local-86-c12 position-relative\">\n              <!---->\n              <!---->\n              <div class=\"w-100 h-y-container h-column__content h-column__v-align flex-basis-100 align-self-lg-start align-self-md-start align-self-start\">\n                <!---->\n                <div data-colibri-id=\"86-c13\" class=\"h-global-transition-all h-heading style-307 style-local-86-c13 position-relative h-element\">\n                  <!---->\n                  <div class=\"h-heading__outer style-307 style-local-86-c13\">\n                    <!---->\n                    <!---->\n                    <h1 class=\"\">TISCHTENNIS<\/h1>\n                  <\/div>\n                <\/div>\n              <\/div>\n            <\/div>\n          <\/div>\n          <div class=\"h-column h-column-container d-flex h-col-lg-auto h-col-md-auto h-col-auto style-306-outer style-local-86-c14-outer\">\n            <div data-colibri-id=\"86-c14\" class=\"d-flex h-flex-basis h-column__inner h-px-lg-2 h-px-md-2 h-px-2 v-inner-lg-2 v-inner-md-2 v-inner-2 style-306 style-local-86-c14 position-relative\">\n              <!---->\n              <!---->\n              <div class=\"w-100 h-y-container h-column__content h-column__v-align flex-basis-100 align-self-lg-start align-self-md-start align-self-start\">\n                <!---->\n                <div data-colibri-id=\"86-c15\" class=\"h-text h-text-component style-308 style-local-86-c15 position-relative h-element\">\n                  <!---->\n                  <!---->\n                  <div class=\"\">\n                    <p>Auch im Bereich haben wir etwas zu bieten! Unsere neu entstandene Tischtennis-Gruppe trifft sich einmal w\u00f6chentlich zu einem lockeren Training.<\/p>\n                    <p>Die Trainingszeiten:<\/p>\n                    <p>Kinder:\n                      <br>donnerstags 18.30 &#8211; 19.30 Uhr<\/p>\n                    <p>Erwachsene:\n                      <br>donnerstags 19.30 &#8211; 21.00 Uhr<\/p>\n                  <\/div>\n                <\/div>\n              <\/div>\n            <\/div>\n          <\/div>\n        <\/div>\n      <\/div>\n      <div data-colibri-id=\"86-c16\" class=\"h-row-container gutters-row-lg-2 gutters-row-md-2 gutters-row-0 gutters-row-v-lg-2 gutters-row-v-md-2 gutters-row-v-2 style-309 style-local-86-c16 position-relative\">\n        <!---->\n        <div class=\"h-row justify-content-lg-center justify-content-md-center justify-content-center align-items-lg-stretch align-items-md-stretch align-items-stretch gutters-col-lg-2 gutters-col-md-2 gutters-col-0 gutters-col-v-lg-2 gutters-col-v-md-2 gutters-col-v-2\">\n          <!---->\n          <div class=\"h-column h-column-container d-flex h-col-lg-auto h-col-md-auto h-col-auto style-310-outer style-local-86-c17-outer\">\n            <div data-colibri-id=\"86-c17\" class=\"d-flex h-flex-basis h-column__inner h-px-lg-2 h-px-md-2 h-px-2 v-inner-lg-2 v-inner-md-2 v-inner-2 style-310 style-local-86-c17 position-relative\">\n              <!---->\n              <!---->\n              <div class=\"w-100 h-y-container h-column__content h-column__v-align flex-basis-100 align-self-lg-start align-self-md-start align-self-start\">\n                <!---->\n                <div data-colibri-id=\"86-c18\" class=\"h-global-transition-all h-heading style-312 style-local-86-c18 position-relative h-element\">\n                  <!---->\n                  <div class=\"h-heading__outer style-312 style-local-86-c18\">\n                    <!---->\n                    <!---->\n                    <h1 class=\"\">GYMNASTIK<\/h1>\n                  <\/div>\n                <\/div>\n              <\/div>\n            <\/div>\n          <\/div>\n          <div class=\"h-column h-column-container d-flex h-col-lg-auto h-col-md-auto h-col-auto style-311-outer style-local-86-c19-outer\">\n            <div data-colibri-id=\"86-c19\" class=\"d-flex h-flex-basis h-column__inner h-px-lg-2 h-px-md-2 h-px-2 v-inner-lg-2 v-inner-md-2 v-inner-2 style-311 style-local-86-c19 position-relative\">\n              <!---->\n              <!---->\n              <div class=\"w-100 h-y-container h-column__content h-column__v-align flex-basis-100 align-self-lg-start align-self-md-start align-self-start\">\n                <!---->\n                <div data-colibri-id=\"86-c20\" class=\"h-text h-text-component style-313 style-local-86-c20 position-relative h-element\">\n                  <!---->\n                  <!---->\n                  <div class=\"\">\n                    <p>Au\u00dferdem sind wir noch im Bereich Gymnastik mit zwei Gruppen vertreten.\n                      <br>\n                      <br>Gruppe 1 ist eher f\u00fcr \u00e4ltere Sportler gedacht und relativ breit aufgestellt im Bereich normale Mobilisation und allgemeines Fit bleiben.\n                      <br>\n                      <br>Gruppe 2 ist f\u00fcr jedermann gedacht. Hier liegt der Schwerpunkt auf dem Stabilit\u00e4tstraining, also vor allem \u00dcbungen zur Stabilisierung von Bauch und R\u00fccken.&nbsp;<\/p>\n                    <p>Die Trainingszeiten:<\/p>\n                    <p>Gruppe 1\n                      <br>mittwochs 17.30 &#8211; 18.30 Uhr<\/p>\n                    <p>Gruppe 2\n                      <br>mittwochs 19.00 &#8211; 20.00 Uhr<\/p>\n                  <\/div>\n                <\/div>\n              <\/div>\n            <\/div>\n          <\/div>\n        <\/div>\n      <\/div>\n    <\/div>\n  <\/div>\n<\/div>","protected":false},"excerpt":{"rendered":"<p>Die Bereiche des Vereins im \u00dcberblick: FUSSBALL Im Bereich Fussball sind wir in Heuberg sehr gut aufgestellt. Aktuell gibt es bei uns eine Herrenmannschaft sowie eine Damenmannschaft, die beide am Ligabetrieb teilnehmen. W\u00e4hrend unsere Herren in der B-Klasse spielen, sind unsere Damen in der Kreisklasse zuhause.&nbsp; Die Trainingszeiten: Herren: dienstags + freitags 19.00 &#8211; 20.30 [&hellip;]<\/p>\n","protected":false},"author":1,"featured_media":0,"parent":0,"menu_order":0,"comment_status":"closed","ping_status":"closed","template":"page-templates\/full-width-page.php","meta":[],"_links":{"self":[{"href":"https:\/\/sv-heuberg.de\/index.php?rest_route=\/wp\/v2\/pages\/86"}],"collection":[{"href":"https:\/\/sv-heuberg.de\/index.php?rest_route=\/wp\/v2\/pages"}],"about":[{"href":"https:\/\/sv-heuberg.de\/index.php?rest_route=\/wp\/v2\/types\/page"}],"author":[{"embeddable":true,"href":"https:\/\/sv-heuberg.de\/index.php?rest_route=\/wp\/v2\/users\/1"}],"replies":[{"embeddable":true,"href":"https:\/\/sv-heuberg.de\/index.php?rest_route=%2Fwp%2Fv2%2Fcomments&post=86"}],"version-history":[{"count":7,"href":"https:\/\/sv-heuberg.de\/index.php?rest_route=\/wp\/v2\/pages\/86\/revisions"}],"predecessor-version":[{"id":405,"href":"https:\/\/sv-heuberg.de\/index.php?rest_route=\/wp\/v2\/pages\/86\/revisions\/405"}],"wp:attachment":[{"href":"https:\/\/sv-heuberg.de\/index.php?rest_route=%2Fwp%2Fv2%2Fmedia&parent=86"}],"curies":[{"name":"wp","href":"https:\/\/api.w.org\/{rel}","templated":true}]}}